{"id":522031,"date":"2024-06-14T12:32:47","date_gmt":"2024-06-14T05:32:47","guid":{"rendered":"https:\/\/www.amazing-phuket-adventures.com\/blog\/"},"modified":"2024-06-30T15:03:50","modified_gmt":"2024-06-30T08:03:50","slug":"blog","status":"publish","type":"page","link":"https:\/\/www.amazing-phuket-adventures.com\/fr\/blog\/","title":{"rendered":"Blog"},"content":{"rendered":"<p>[et_pb_section fb_built=\u00a0\u00bb1&Prime; fullwidth=\u00a0\u00bbon\u00a0\u00bb _builder_version=\u00a0\u00bb4.25.1&Prime; _module_preset=\u00a0\u00bbdefault\u00a0\u00bb bottom_divider_style=\u00a0\u00bbwaves2&Prime; bottom_divider_color=\u00a0\u00bb#FFFFFF\u00a0\u00bb bottom_divider_height=\u00a0\u00bb120px\u00a0\u00bb global_colors_info=\u00a0\u00bb{}\u00a0\u00bb][et_pb_fullwidth_header title=\u00a0\u00bbNotre blog et nos articles\u00a0\u00bb content_max_width_tablet=\u00a0\u00bb100%\u00a0\u00bb content_max_width_phone=\u00a0\u00bb100%\u00a0\u00bb content_max_width_last_edited=\u00a0\u00bboff|desktop\u00a0\u00bb _builder_version=\u00a0\u00bb4.25.2&Prime; _module_preset=\u00a0\u00bbdefault\u00a0\u00bb title_font=\u00a0\u00bb&#8211;et_global_heading_font|700|||||||\u00a0\u00bb title_text_align=\u00a0\u00bbleft\u00a0\u00bb title_text_color=\u00a0\u00bb#FFFFFF\u00a0\u00bb title_font_size=\u00a0\u00bb48px\u00a0\u00bb background_enable_color=\u00a0\u00bboff\u00a0\u00bb background_image=\u00a0\u00bbhttps:\/\/www.amazing-phuket-adventures.com\/wp-content\/uploads\/2024\/06\/Amazing-Phuket-Adventures-Contact-header.webp\u00a0\u00bb custom_button_one=\u00a0\u00bbon\u00a0\u00bb button_one_text_color=\u00a0\u00bb#FFFFFF\u00a0\u00bb button_one_bg_color=\u00a0\u00bbRGBA(255,255,255,0)\u00a0\u00bb button_one_border_width=\u00a0\u00bb1px\u00a0\u00bb button_one_border_color=\u00a0\u00bb#FFFFFF\u00a0\u00bb button_one_border_radius=\u00a0\u00bb5px\u00a0\u00bb button_one_font=\u00a0\u00bb&#8211;et_global_heading_font|600|||||||\u00a0\u00bb button_one_use_icon=\u00a0\u00bboff\u00a0\u00bb button_one_custom_padding=\u00a0\u00bb15px|30px|15px|30px|true|true\u00a0\u00bb custom_button_two=\u00a0\u00bbon\u00a0\u00bb button_two_text_color=\u00a0\u00bb#FFFFFF\u00a0\u00bb button_two_bg_color=\u00a0\u00bb#00b4f3&Prime; button_two_border_width=\u00a0\u00bb1px\u00a0\u00bb button_two_border_color=\u00a0\u00bb#00b4f3&Prime; button_two_border_radius=\u00a0\u00bb5px\u00a0\u00bb button_two_font=\u00a0\u00bb&#8211;et_global_heading_font|600|||||||\u00a0\u00bb button_two_use_icon=\u00a0\u00bboff\u00a0\u00bb button_two_custom_padding=\u00a0\u00bb15px|30px|15px|30px|true|true\u00a0\u00bb custom_padding=\u00a0\u00bb4%||26%||false|false\u00a0\u00bb hover_enabled=\u00a0\u00bb0&Prime; title_font_size_tablet=\u00a0\u00bb42px\u00a0\u00bb title_font_size_phone=\u00a0\u00bb36px\u00a0\u00bb title_font_size_last_edited=\u00a0\u00bbon|desktop\u00a0\u00bb button_one_text_size_tablet=\u00a0\u00bb\u00a0\u00bb button_one_text_size_phone=\u00a0\u00bb18px\u00a0\u00bb button_one_text_size_last_edited=\u00a0\u00bbon|desktop\u00a0\u00bb button_two_text_size_tablet=\u00a0\u00bb\u00a0\u00bb button_two_text_size_phone=\u00a0\u00bb18px\u00a0\u00bb button_two_text_size_last_edited=\u00a0\u00bbon|desktop\u00a0\u00bb global_colors_info=\u00a0\u00bb{}\u00a0\u00bb button_one_bg_color__hover_enabled=\u00a0\u00bbon|hover\u00a0\u00bb button_one_bg_color__hover=\u00a0\u00bb#FFFFFF\u00a0\u00bb button_one_bg_enable_color__hover=\u00a0\u00bbon\u00a0\u00bb button_one_text_color__hover_enabled=\u00a0\u00bbon|desktop\u00a0\u00bb button_one_text_color__hover=\u00a0\u00bb#00b4f3&Prime; button_two_text_color__hover_enabled=\u00a0\u00bbon|desktop\u00a0\u00bb button_two_text_color__hover=\u00a0\u00bb#00b4f3&Prime; button_two_bg_color__hover_enabled=\u00a0\u00bbon|hover\u00a0\u00bb button_two_bg_color__hover=\u00a0\u00bb#FFFFFF\u00a0\u00bb button_two_bg_enable_color__hover=\u00a0\u00bbon\u00a0\u00bb button_two_border_color__hover_enabled=\u00a0\u00bbon|desktop\u00a0\u00bb button_two_border_color__hover=\u00a0\u00bb#FFFFFF\u00a0\u00bb alt=\u00a0\u00bbAmazing Phuket Adventures &#8211; Contact header\u00a0\u00bb title_text=\u00a0\u00bbAmazing Phuket Adventures &#8211; Contact header\u00a0\u00bb sticky_enabled=\u00a0\u00bb0&Prime;][\/et_pb_fullwidth_header][\/et_pb_section][et_pb_section fb_built=\u00a0\u00bb1&Prime; admin_label=\u00a0\u00bbBlog\u00a0\u00bb _builder_version=\u00a0\u00bb4.16&Prime; _module_preset=\u00a0\u00bbdefault\u00a0\u00bb locked=\u00a0\u00bboff\u00a0\u00bb collapsed=\u00a0\u00bboff\u00a0\u00bb global_colors_info=\u00a0\u00bb{}\u00a0\u00bb][et_pb_row _builder_version=\u00a0\u00bb4.25.2&Prime; _module_preset=\u00a0\u00bb5138c454-be54-4233-bd3b-f8e6a8747976&Prime; custom_padding=\u00a0\u00bb||0px|||\u00a0\u00bb global_colors_info=\u00a0\u00bb{}\u00a0\u00bb][et_pb_column type=\u00a0\u00bb4_4&Prime; _builder_version=\u00a0\u00bb4.16&Prime; _module_preset=\u00a0\u00bb73121f80-a3ef-4484-8763-c3f18e3c56d2&Prime; global_colors_info=\u00a0\u00bb{}\u00a0\u00bb][et_pb_heading title=\u00a0\u00bbLisez nos articles\u00a0\u00bb _builder_version=\u00a0\u00bb4.25.2&Prime; _module_preset=\u00a0\u00bbc33f07d9-41e0-421a-8799-5799df695cce\u00a0\u00bb title_level=\u00a0\u00bbh2&Prime; title_font=\u00a0\u00bbJosefin Sans|Josefin Sans_weight|||||||\u00a0\u00bb title_text_align=\u00a0\u00bbcenter\u00a0\u00bb title_text_color=\u00a0\u00bbgcid-heading-color\u00a0\u00bb title_font_size=\u00a0\u00bb50px\u00a0\u00bb title_line_height=\u00a0\u00bb1.2em\u00a0\u00bb custom_margin=\u00a0\u00bb||10px||false|false\u00a0\u00bb title_font_size_tablet=\u00a0\u00bb28px\u00a0\u00bb title_font_size_phone=\u00a0\u00bb20px\u00a0\u00bb title_font_size_last_edited=\u00a0\u00bbon|phone\u00a0\u00bb locked=\u00a0\u00bboff\u00a0\u00bb global_colors_info=\u00a0\u00bb{}\u00a0\u00bb][\/et_pb_heading][et_pb_post_slider show_meta=\u00a0\u00bboff\u00a0\u00bb bg_overlay_color=\u00a0\u00bbrgba(0,0,0,0.75)\u00a0\u00bb use_text_overlay=\u00a0\u00bbon\u00a0\u00bb text_overlay_color=\u00a0\u00bb#FFFFFF\u00a0\u00bb text_border_radius=\u00a0\u00bb5px\u00a0\u00bb _builder_version=\u00a0\u00bb4.25.2&Prime; _module_preset=\u00a0\u00bbdb607bdb-8c6b-4122-8b8c-17167341f0e1&Prime; header_font=\u00a0\u00bbJosefin Sans|700|||||||\u00a0\u00bb header_text_color=\u00a0\u00bbgcid-heading-color\u00a0\u00bb header_font_size=\u00a0\u00bb32px\u00a0\u00bb header_line_height=\u00a0\u00bb1.3em\u00a0\u00bb body_font=\u00a0\u00bbLato|500|||||||\u00a0\u00bb body_text_color=\u00a0\u00bbgcid-body-color\u00a0\u00bb body_line_height=\u00a0\u00bb1.75em\u00a0\u00bb meta_font=\u00a0\u00bbLato|500|||||||\u00a0\u00bb meta_text_color=\u00a0\u00bbgcid-primary-color\u00a0\u00bb meta_font_size=\u00a0\u00bb14px\u00a0\u00bb meta_line_height=\u00a0\u00bb1.75em\u00a0\u00bb body_link_text_color=\u00a0\u00bb#0077FF\u00a0\u00bb custom_button=\u00a0\u00bbon\u00a0\u00bb button_text_size=\u00a0\u00bb18px\u00a0\u00bb button_text_color=\u00a0\u00bb#FFFFFF\u00a0\u00bb button_bg_color=\u00a0\u00bbgcid-secondary-color\u00a0\u00bb button_border_width=\u00a0\u00bb0px\u00a0\u00bb button_border_radius=\u00a0\u00bb5px\u00a0\u00bb button_font=\u00a0\u00bb&#8211;et_global_heading_font|600|||||||\u00a0\u00bb button_use_icon=\u00a0\u00bboff\u00a0\u00bb button_custom_margin=\u00a0\u00bb||||false|false\u00a0\u00bb button_custom_padding=\u00a0\u00bb12px|24px|12px|24px|true|true\u00a0\u00bb header_font_size_tablet=\u00a0\u00bb22px\u00a0\u00bb header_font_size_phone=\u00a0\u00bb17px\u00a0\u00bb header_font_size_last_edited=\u00a0\u00bbon|phone\u00a0\u00bb body_font_size_tablet=\u00a0\u00bb15px\u00a0\u00bb body_font_size_phone=\u00a0\u00bb14px\u00a0\u00bb body_font_size_last_edited=\u00a0\u00bbon|desktop\u00a0\u00bb button_text_size_tablet=\u00a0\u00bb18px\u00a0\u00bb button_text_size_phone=\u00a0\u00bb16px\u00a0\u00bb button_text_size_last_edited=\u00a0\u00bbon|desktop\u00a0\u00bb custom_css_slide_meta=\u00a0\u00bbmargin-bottom: .8em;\u00a0\u00bb border_radii=\u00a0\u00bbon|10px|10px|10px|10px\u00a0\u00bb text_shadow_style=\u00a0\u00bbpreset3&Prime; text_shadow_color=\u00a0\u00bbRGBA(255,255,255,0)\u00a0\u00bb global_colors_info=\u00a0\u00bb{}\u00a0\u00bb button_text_color__hover_enabled=\u00a0\u00bbon|desktop\u00a0\u00bb button_text_color__hover=\u00a0\u00bb#00b4f3&Prime; button_bg_color__hover_enabled=\u00a0\u00bbon|desktop\u00a0\u00bb button_bg_color__hover=\u00a0\u00bb#FFFFFF\u00a0\u00bb button_bg_enable_color__hover=\u00a0\u00bbon\u00a0\u00bb][\/et_pb_post_slider][\/et_pb_column][\/et_pb_row][\/et_pb_section][et_pb_section fb_built=\u00a0\u00bb1&Prime; admin_label=\u00a0\u00bbCall to Action\u00a0\u00bb _builder_version=\u00a0\u00bb4.23.1&Prime; _module_preset=\u00a0\u00bbdefault\u00a0\u00bb locked=\u00a0\u00bboff\u00a0\u00bb collapsed=\u00a0\u00bboff\u00a0\u00bb global_colors_info=\u00a0\u00bb{}\u00a0\u00bb][et_pb_row _builder_version=\u00a0\u00bb4.24.3&Prime; _module_preset=\u00a0\u00bb5138c454-be54-4233-bd3b-f8e6a8747976&Prime; global_colors_info=\u00a0\u00bb{}\u00a0\u00bb][et_pb_column type=\u00a0\u00bb4_4&Prime; _builder_version=\u00a0\u00bb4.18.0&Prime; _module_preset=\u00a0\u00bb73121f80-a3ef-4484-8763-c3f18e3c56d2&Prime; global_colors_info=\u00a0\u00bb{}\u00a0\u00bb][et_pb_cta title=\u00a0\u00bbPr\u00eat pour votre prochaine plong\u00e9e ?\u00a0\u00bb button_url=\u00a0\u00bbhttps:\/\/www.amazing-phuket-adventures.com\/scuba-diving-courses-phuket\/\u00a0\u00bb button_text=\u00a0\u00bbR\u00e9servez votre plong\u00e9e\u00a0\u00bb _builder_version=\u00a0\u00bb4.25.2&Prime; _module_preset=\u00a0\u00bb4c2ad5d0-871e-414e-a4be-aa9134d4ae8e\u00a0\u00bb header_font=\u00a0\u00bbJosefin Sans|Josefin Sans_weight|||||||\u00a0\u00bb header_text_color=\u00a0\u00bb#FFFFFF\u00a0\u00bb header_font_size=\u00a0\u00bb50px\u00a0\u00bb header_line_height=\u00a0\u00bb1.2em\u00a0\u00bb body_font=\u00a0\u00bbLato||||||||\u00a0\u00bb body_text_color=\u00a0\u00bb#FFFFFF\u00a0\u00bb body_font_size=\u00a0\u00bb18px\u00a0\u00bb body_line_height=\u00a0\u00bb1.75em\u00a0\u00bb background_color=\u00a0\u00bbgcid-primary-color\u00a0\u00bb background_enable_image=\u00a0\u00bboff\u00a0\u00bb custom_button=\u00a0\u00bbon\u00a0\u00bb button_text_size=\u00a0\u00bb18px\u00a0\u00bb button_text_color=\u00a0\u00bbgcid-secondary-color\u00a0\u00bb button_bg_color=\u00a0\u00bb#FFFFFF\u00a0\u00bb button_border_width=\u00a0\u00bb0px\u00a0\u00bb button_border_radius=\u00a0\u00bb5px\u00a0\u00bb button_font=\u00a0\u00bb&#8211;et_global_heading_font|600|||||||\u00a0\u00bb button_use_icon=\u00a0\u00bboff\u00a0\u00bb button_custom_padding=\u00a0\u00bb12px|24px|12px|24px|true|true\u00a0\u00bb background_layout=\u00a0\u00bblight\u00a0\u00bb custom_padding=\u00a0\u00bb60px|60px|60px|60px|true|true\u00a0\u00bb custom_padding_tablet=\u00a0\u00bb30px|30px|30px|30px|true|true\u00a0\u00bb custom_padding_phone=\u00a0\u00bb20px|20px|20px|20px|true|true\u00a0\u00bb custom_padding_last_edited=\u00a0\u00bbon|desktop\u00a0\u00bb header_font_size_tablet=\u00a0\u00bb28px\u00a0\u00bb header_font_size_phone=\u00a0\u00bb20px\u00a0\u00bb header_font_size_last_edited=\u00a0\u00bbon|phone\u00a0\u00bb body_font_size_tablet=\u00a0\u00bb16px\u00a0\u00bb body_font_size_phone=\u00a0\u00bb14px\u00a0\u00bb body_font_size_last_edited=\u00a0\u00bbon|phone\u00a0\u00bb button_text_size_tablet=\u00a0\u00bb18px\u00a0\u00bb button_text_size_phone=\u00a0\u00bb16px\u00a0\u00bb button_text_size_last_edited=\u00a0\u00bbon|desktop\u00a0\u00bb border_radii=\u00a0\u00bbon|10px|10px|10px|10px\u00a0\u00bb locked=\u00a0\u00bboff\u00a0\u00bb global_colors_info=\u00a0\u00bb{%22gcid-heading-color%22:%91%22header_text_color%22,%22header_text_color%22%93,%22gcid-36fd78a7-34bc-404d-873c-dafa34efaae5%22:%91%22color%22%93,%22gcid-7cadd8b3-5228-48e4-90c4-212d09232f7b%22:%91%22header_text_color%22,%22header_text_color%22,%22color%22,%22color%22,%22color%22,%22color%22%93,%22gcid-primary-color%22:%91%22button_bg_color%22,%22button_bg_color%22,%22background_color%22%93,%22gcid-body-color%22:%91%22body_text_color%22,%22body_text_color%22%93,%22gcid-f113ad93-2527-46d7-862b-fc71181c6b5e%22:%91%22border_color_all%22,%22border_color_all%22%93,%22gcid-secondary-color%22:%91%22button_text_color%22%93}\u00a0\u00bb text_font_size_tablet=\u00a0\u00bb16px\u00a0\u00bb text_font_size_phone=\u00a0\u00bb14px\u00a0\u00bb text_font_size_last_edited=\u00a0\u00bbon|phone\u00a0\u00bb button_text_color__hover_enabled=\u00a0\u00bbon|desktop\u00a0\u00bb button_text_color__hover=\u00a0\u00bb#FFFFFF\u00a0\u00bb button_bg_color__hover_enabled=\u00a0\u00bbon|hover\u00a0\u00bb button_bg_color__hover=\u00a0\u00bb#00b4f3&Prime; button_bg_enable_color__hover=\u00a0\u00bbon\u00a0\u00bb]<\/p>\n<p>Rejoignez-nous pour une exp\u00e9rience de plong\u00e9e inoubliable \u00e0 Rawai Phuket.<br \/>\nR\u00e9servez votre aventure d\u00e8s aujourd&rsquo;hui et explorez le monde sous-marin comme jamais auparavant !<\/p>\n<p>[\/et_pb_cta][\/et_pb_column][\/et_pb_row][\/et_pb_section]<\/p>\n","protected":false},"excerpt":{"rendered":"<p>Rejoignez-nous pour une exp\u00e9rience de plong\u00e9e inoubliable \u00e0 Rawai Phuket. R\u00e9servez votre aventure d\u00e8s aujourd&rsquo;hui et explorez le monde sous-marin comme jamais auparavant !<\/p>\n","protected":false},"author":6,"featured_media":0,"parent":0,"menu_order":0,"comment_status":"closed","ping_status":"closed","template":"","meta":{"_et_pb_use_builder":"on","_et_pb_old_content":"","_et_gb_content_width":"","footnotes":""},"class_list":["post-522031","page","type-page","status-publish","hentry"],"yoast_head":"<!-- This site is optimized with the Yoast SEO plugin v27.5 - https:\/\/yoast.com\/product\/yoast-seo-wordpress\/ -->\n<title>Blog - Amazing Phuket Adventures<\/title>\n<meta name=\"robots\" content=\"index, follow, max-snippet:-1, max-image-preview:large, max-video-preview:-1\" \/>\n<link rel=\"canonical\" href=\"https:\/\/www.amazing-phuket-adventures.com\/fr\/blog\/\" \/>\n<meta property=\"og:locale\" content=\"fr_FR\" \/>\n<meta property=\"og:type\" content=\"article\" \/>\n<meta property=\"og:title\" content=\"Blog - Amazing Phuket Adventures\" \/>\n<meta property=\"og:description\" content=\"Rejoignez-nous pour une exp\u00e9rience de plong\u00e9e inoubliable \u00e0 Rawai Phuket. R\u00e9servez votre aventure d\u00e8s aujourd&#039;hui et explorez le monde sous-marin comme jamais auparavant !\" \/>\n<meta property=\"og:url\" content=\"https:\/\/www.amazing-phuket-adventures.com\/fr\/blog\/\" \/>\n<meta property=\"og:site_name\" content=\"Amazing Phuket Adventures\" \/>\n<meta property=\"article:publisher\" content=\"https:\/\/www.facebook.com\/AmazingPhuket\" \/>\n<meta property=\"article:modified_time\" content=\"2024-06-30T08:03:50+00:00\" \/>\n<meta name=\"twitter:card\" content=\"summary_large_image\" \/>\n<meta name=\"twitter:label1\" content=\"Dur\u00e9e de lecture estim\u00e9e\" \/>\n\t<meta name=\"twitter:data1\" content=\"6 minutes\" \/>\n<script type=\"application\/ld+json\" class=\"yoast-schema-graph\">{\"@context\":\"https:\\\/\\\/schema.org\",\"@graph\":[{\"@type\":\"WebPage\",\"@id\":\"https:\\\/\\\/www.amazing-phuket-adventures.com\\\/fr\\\/blog\\\/\",\"url\":\"https:\\\/\\\/www.amazing-phuket-adventures.com\\\/fr\\\/blog\\\/\",\"name\":\"Blog - Amazing Phuket Adventures\",\"isPartOf\":{\"@id\":\"https:\\\/\\\/www.amazing-phuket-adventures.com\\\/#website\"},\"datePublished\":\"2024-06-14T05:32:47+00:00\",\"dateModified\":\"2024-06-30T08:03:50+00:00\",\"breadcrumb\":{\"@id\":\"https:\\\/\\\/www.amazing-phuket-adventures.com\\\/fr\\\/blog\\\/#breadcrumb\"},\"inLanguage\":\"fr-FR\",\"potentialAction\":[{\"@type\":\"ReadAction\",\"target\":[\"https:\\\/\\\/www.amazing-phuket-adventures.com\\\/fr\\\/blog\\\/\"]}]},{\"@type\":\"BreadcrumbList\",\"@id\":\"https:\\\/\\\/www.amazing-phuket-adventures.com\\\/fr\\\/blog\\\/#breadcrumb\",\"itemListElement\":[{\"@type\":\"ListItem\",\"position\":1,\"name\":\"Home\",\"item\":\"https:\\\/\\\/www.amazing-phuket-adventures.com\\\/\"},{\"@type\":\"ListItem\",\"position\":2,\"name\":\"Blog\"}]},{\"@type\":\"WebSite\",\"@id\":\"https:\\\/\\\/www.amazing-phuket-adventures.com\\\/#website\",\"url\":\"https:\\\/\\\/www.amazing-phuket-adventures.com\\\/\",\"name\":\"Amazing Phuket Adventures\",\"description\":\"Scuba Diving School in Phuket, Thailand SSI Courses, Day Trips, Liveaboards.\",\"publisher\":{\"@id\":\"https:\\\/\\\/www.amazing-phuket-adventures.com\\\/#organization\"},\"potentialAction\":[{\"@type\":\"SearchAction\",\"target\":{\"@type\":\"EntryPoint\",\"urlTemplate\":\"https:\\\/\\\/www.amazing-phuket-adventures.com\\\/?s={search_term_string}\"},\"query-input\":{\"@type\":\"PropertyValueSpecification\",\"valueRequired\":true,\"valueName\":\"search_term_string\"}}],\"inLanguage\":\"fr-FR\"},{\"@type\":\"Organization\",\"@id\":\"https:\\\/\\\/www.amazing-phuket-adventures.com\\\/#organization\",\"name\":\"Amazing Phuket Adventures Co. Ltd.\",\"url\":\"https:\\\/\\\/www.amazing-phuket-adventures.com\\\/\",\"logo\":{\"@type\":\"ImageObject\",\"inLanguage\":\"fr-FR\",\"@id\":\"https:\\\/\\\/www.amazing-phuket-adventures.com\\\/#\\\/schema\\\/logo\\\/image\\\/\",\"url\":\"https:\\\/\\\/www.amazing-phuket-adventures.com\\\/wp-content\\\/uploads\\\/2024\\\/05\\\/Amazing-Phuket-Adventures-Logo.webp\",\"contentUrl\":\"https:\\\/\\\/www.amazing-phuket-adventures.com\\\/wp-content\\\/uploads\\\/2024\\\/05\\\/Amazing-Phuket-Adventures-Logo.webp\",\"width\":307,\"height\":80,\"caption\":\"Amazing Phuket Adventures Co. Ltd.\"},\"image\":{\"@id\":\"https:\\\/\\\/www.amazing-phuket-adventures.com\\\/#\\\/schema\\\/logo\\\/image\\\/\"},\"sameAs\":[\"https:\\\/\\\/www.facebook.com\\\/AmazingPhuket\",\"https:\\\/\\\/www.instagram.com\\\/amazing_phuket_adventures\\\/\"]}]}<\/script>\n<!-- \/ Yoast SEO plugin. -->","yoast_head_json":{"title":"Blog - Amazing Phuket Adventures","robots":{"index":"index","follow":"follow","max-snippet":"max-snippet:-1","max-image-preview":"max-image-preview:large","max-video-preview":"max-video-preview:-1"},"canonical":"https:\/\/www.amazing-phuket-adventures.com\/fr\/blog\/","og_locale":"fr_FR","og_type":"article","og_title":"Blog - Amazing Phuket Adventures","og_description":"Rejoignez-nous pour une exp\u00e9rience de plong\u00e9e inoubliable \u00e0 Rawai Phuket. R\u00e9servez votre aventure d\u00e8s aujourd'hui et explorez le monde sous-marin comme jamais auparavant !","og_url":"https:\/\/www.amazing-phuket-adventures.com\/fr\/blog\/","og_site_name":"Amazing Phuket Adventures","article_publisher":"https:\/\/www.facebook.com\/AmazingPhuket","article_modified_time":"2024-06-30T08:03:50+00:00","twitter_card":"summary_large_image","twitter_misc":{"Dur\u00e9e de lecture estim\u00e9e":"6 minutes"},"schema":{"@context":"https:\/\/schema.org","@graph":[{"@type":"WebPage","@id":"https:\/\/www.amazing-phuket-adventures.com\/fr\/blog\/","url":"https:\/\/www.amazing-phuket-adventures.com\/fr\/blog\/","name":"Blog - Amazing Phuket Adventures","isPartOf":{"@id":"https:\/\/www.amazing-phuket-adventures.com\/#website"},"datePublished":"2024-06-14T05:32:47+00:00","dateModified":"2024-06-30T08:03:50+00:00","breadcrumb":{"@id":"https:\/\/www.amazing-phuket-adventures.com\/fr\/blog\/#breadcrumb"},"inLanguage":"fr-FR","potentialAction":[{"@type":"ReadAction","target":["https:\/\/www.amazing-phuket-adventures.com\/fr\/blog\/"]}]},{"@type":"BreadcrumbList","@id":"https:\/\/www.amazing-phuket-adventures.com\/fr\/blog\/#breadcrumb","itemListElement":[{"@type":"ListItem","position":1,"name":"Home","item":"https:\/\/www.amazing-phuket-adventures.com\/"},{"@type":"ListItem","position":2,"name":"Blog"}]},{"@type":"WebSite","@id":"https:\/\/www.amazing-phuket-adventures.com\/#website","url":"https:\/\/www.amazing-phuket-adventures.com\/","name":"Amazing Phuket Adventures","description":"Scuba Diving School in Phuket, Thailand SSI Courses, Day Trips, Liveaboards.","publisher":{"@id":"https:\/\/www.amazing-phuket-adventures.com\/#organization"},"potentialAction":[{"@type":"SearchAction","target":{"@type":"EntryPoint","urlTemplate":"https:\/\/www.amazing-phuket-adventures.com\/?s={search_term_string}"},"query-input":{"@type":"PropertyValueSpecification","valueRequired":true,"valueName":"search_term_string"}}],"inLanguage":"fr-FR"},{"@type":"Organization","@id":"https:\/\/www.amazing-phuket-adventures.com\/#organization","name":"Amazing Phuket Adventures Co. Ltd.","url":"https:\/\/www.amazing-phuket-adventures.com\/","logo":{"@type":"ImageObject","inLanguage":"fr-FR","@id":"https:\/\/www.amazing-phuket-adventures.com\/#\/schema\/logo\/image\/","url":"https:\/\/www.amazing-phuket-adventures.com\/wp-content\/uploads\/2024\/05\/Amazing-Phuket-Adventures-Logo.webp","contentUrl":"https:\/\/www.amazing-phuket-adventures.com\/wp-content\/uploads\/2024\/05\/Amazing-Phuket-Adventures-Logo.webp","width":307,"height":80,"caption":"Amazing Phuket Adventures Co. Ltd."},"image":{"@id":"https:\/\/www.amazing-phuket-adventures.com\/#\/schema\/logo\/image\/"},"sameAs":["https:\/\/www.facebook.com\/AmazingPhuket","https:\/\/www.instagram.com\/amazing_phuket_adventures\/"]}]}},"_links":{"self":[{"href":"https:\/\/www.amazing-phuket-adventures.com\/fr\/wp-json\/wp\/v2\/pages\/522031","targetHints":{"allow":["GET"]}}],"collection":[{"href":"https:\/\/www.amazing-phuket-adventures.com\/fr\/wp-json\/wp\/v2\/pages"}],"about":[{"href":"https:\/\/www.amazing-phuket-adventures.com\/fr\/wp-json\/wp\/v2\/types\/page"}],"author":[{"embeddable":true,"href":"https:\/\/www.amazing-phuket-adventures.com\/fr\/wp-json\/wp\/v2\/users\/6"}],"replies":[{"embeddable":true,"href":"https:\/\/www.amazing-phuket-adventures.com\/fr\/wp-json\/wp\/v2\/comments?post=522031"}],"version-history":[{"count":5,"href":"https:\/\/www.amazing-phuket-adventures.com\/fr\/wp-json\/wp\/v2\/pages\/522031\/revisions"}],"predecessor-version":[{"id":522630,"href":"https:\/\/www.amazing-phuket-adventures.com\/fr\/wp-json\/wp\/v2\/pages\/522031\/revisions\/522630"}],"wp:attachment":[{"href":"https:\/\/www.amazing-phuket-adventures.com\/fr\/wp-json\/wp\/v2\/media?parent=522031"}],"curies":[{"name":"wp","href":"https:\/\/api.w.org\/{rel}","templated":true}]}}